{"id":648,"date":"2013-03-23T13:05:14","date_gmt":"2013-03-23T13:05:14","guid":{"rendered":"https:\/\/themenectar.com\/demo\/salient\/?page_id=18"},"modified":"2024-02-26T13:56:20","modified_gmt":"2024-02-26T13:56:20","slug":"o-maestro","status":"publish","type":"page","link":"https:\/\/www.orquestraouropreto.com.br\/site\/o-maestro\/","title":{"rendered":"O Maestro"},"content":{"rendered":"[vc_row type=&#8221;full_width_content&#8221; full_screen_row_position=&#8221;middle&#8221; vertically_center_columns=&#8221;true&#8221; scene_position=&#8221;center&#8221; text_color=&#8221;light&#8221; text_align=&#8221;left&#8221; top_padding=&#8221;0&#8243; bottom_padding=&#8221;0&#8243; class=&#8221;goldentes&#8221; overlay_strength=&#8221;0.3&#8243; shape_divider_position=&#8221;bottom&#8221;][vc_column column_padding=&#8221;padding-6-percent&#8221; column_padding_position=&#8221;all&#8221; background_color=&#8221;#222222&#8243; background_color_opacity=&#8221;1&#8243; background_hover_color_opacity=&#8221;1&#8243; font_color=&#8221;#c59d5f&#8221; column_shadow=&#8221;none&#8221; column_border_radius=&#8221;none&#8221; width=&#8221;1\/2&#8243; tablet_text_alignment=&#8221;default&#8221; phone_text_alignment=&#8221;default&#8221; column_border_width=&#8221;none&#8221; column_border_style=&#8221;solid&#8221;][vc_column_text]\n<h3>Democratizar o acesso \u00e0 m\u00fasica de concerto \u00e9 dar a oportunidade ao p\u00fablico de experimentar novas possibilidades.<\/h3>\n[\/vc_column_text][\/vc_column][vc_column column_padding=&#8221;padding-4-percent&#8221; column_padding_position=&#8221;all&#8221; background_color=&#8221;#ebeae6&#8243; background_color_opacity=&#8221;1&#8243; background_hover_color_opacity=&#8221;1&#8243; font_color=&#8221;#121212&#8243; column_shadow=&#8221;none&#8221; column_border_radius=&#8221;none&#8221; width=&#8221;1\/2&#8243; tablet_text_alignment=&#8221;default&#8221; phone_text_alignment=&#8221;default&#8221; column_border_width=&#8221;none&#8221; column_border_style=&#8221;solid&#8221;][vc_row_inner column_margin=&#8221;default&#8221; text_align=&#8221;left&#8221; font_color=&#8221;#121212&#8243;][vc_column_inner enable_animation=&#8221;true&#8221; animation=&#8221;fade-in&#8221; column_padding=&#8221;no-extra-padding&#8221; column_padding_position=&#8221;all&#8221; background_color_opacity=&#8221;1&#8243; background_hover_color_opacity=&#8221;1&#8243; font_color=&#8221;#121212&#8243; column_shadow=&#8221;none&#8221; column_border_radius=&#8221;none&#8221; width=&#8221;1\/1&#8243; column_border_width=&#8221;none&#8221; column_border_style=&#8221;solid&#8221;][vc_column_text]\n<p style=\"color: #121212 !important;\">Doutor em Ci\u00eancias Musicais na Universidade Nova de Lisboa, Mestre em Musicologia pelo Departamento de P\u00f3s-Gradua\u00e7\u00e3o em M\u00fasica da Universidade Federal do Rio de Janeiro, Rodrigo Toffolo estudou reg\u00eancia com o Maestro e Compositor Ernani Aguiar \u2013 um dos principais compositores brasileiros em atua\u00e7\u00e3o e tamb\u00e9m um dos grandes pesquisadores de m\u00fasica brasileira.<\/p>\n<p style=\"color: #121212 !important;\">Ouro-pretano, iniciou seus estudos acad\u00eamicos em m\u00fasica no Instituto de Artes e Cultura da Universidade Federal de Ouro Preto, no ano de 1989, atrav\u00e9s do violino com o professor Mois\u00e9s Guimar\u00e3es. Em 1993 prosseguiu seus estudos na Escola de Forma\u00e7\u00e3o de Instrumentistas de Cordas (EFIC\/SESI), em Belo Horizonte, continuando o aperfei\u00e7oamento no instrumento.<\/p>\n[\/vc_column_text][\/vc_column_inner][\/vc_row_inner][\/vc_column][\/vc_row][vc_row type=&#8221;full_width_content&#8221; full_screen_row_position=&#8221;middle&#8221; vertically_center_columns=&#8221;true&#8221; scene_position=&#8221;center&#8221; text_color=&#8221;dark&#8221; text_align=&#8221;left&#8221; top_padding=&#8221;0&#8243; bottom_padding=&#8221;0&#8243; overlay_strength=&#8221;0.3&#8243; shape_divider_position=&#8221;bottom&#8221;][vc_column column_padding=&#8221;padding-4-percent&#8221; column_padding_position=&#8221;all&#8221; background_color=&#8221;#ebeae6&#8243; background_color_opacity=&#8221;1&#8243; background_hover_color_opacity=&#8221;1&#8243; font_color=&#8221;#121212&#8243; column_shadow=&#8221;none&#8221; column_border_radius=&#8221;none&#8221; width=&#8221;1\/2&#8243; tablet_text_alignment=&#8221;default&#8221; phone_text_alignment=&#8221;default&#8221; column_border_width=&#8221;none&#8221; column_border_style=&#8221;solid&#8221;][vc_row_inner column_margin=&#8221;default&#8221; text_align=&#8221;left&#8221;][vc_column_inner enable_animation=&#8221;true&#8221; animation=&#8221;fade-in&#8221; column_padding=&#8221;no-extra-padding&#8221; column_padding_position=&#8221;all&#8221; background_color_opacity=&#8221;1&#8243; background_hover_color_opacity=&#8221;1&#8243; column_shadow=&#8221;none&#8221; column_border_radius=&#8221;none&#8221; width=&#8221;1\/1&#8243; column_border_width=&#8221;none&#8221; column_border_style=&#8221;solid&#8221;][vc_column_text]Em 1998, deu continuidade aos estudos de violino no Curso de Extens\u00e3o da Universidade Federal de Minas Gerais, sob a orienta\u00e7\u00e3o do Professor Edson Queiroz. Seguindo para o Rio de Janeiro, estudou com Mariana Salles e posteriormente com Ricardo Amado. Atuou durante anos como violinista do Quarteto Ouro Preto e do Grupo Trilos, este \u00faltimo com grava\u00e7\u00e3o de programas em rede nacional e internacional.<\/p>\n<p>Integrante do grupo Bateia, forma\u00e7\u00e3o camer\u00edstica que tem como prop\u00f3sito a pesquisa e interpreta\u00e7\u00e3o da m\u00fasica brasileira, por meio de conceitos interdisciplinares, abre o seu campo de pesquisa atrav\u00e9s da M\u00fasica, Hist\u00f3ria, Antropologia e Sociologia, em projetos que culminaram na cria\u00e7\u00e3o do Instituto Ouro Preto, uma associa\u00e7\u00e3o de artistas e pesquisadores, cuja finalidade \u00e9 a difus\u00e3o da cultura de Minas Gerais e do Brasil. Fundador da Orquestra Ouro Preto, \u00e9 seu Diretor Art\u00edstico desde sua funda\u00e7\u00e3o, no ano de 2000, assumindo, em 2007, a Reg\u00eancia Titular do grupo.[\/vc_column_text][\/vc_column_inner][\/vc_row_inner][\/vc_column][vc_column column_padding=&#8221;no-extra-padding&#8221; column_padding_position=&#8221;all&#8221; background_color_opacity=&#8221;1&#8243; background_hover_color_opacity=&#8221;1&#8243; background_image=&#8221;2952&#8243; column_shadow=&#8221;none&#8221; column_border_radius=&#8221;none&#8221; width=&#8221;1\/2&#8243; tablet_text_alignment=&#8221;default&#8221; phone_text_alignment=&#8221;default&#8221; column_border_width=&#8221;none&#8221; column_border_style=&#8221;solid&#8221;][\/vc_column][\/vc_row][vc_row type=&#8221;full_width_background&#8221; full_screen_row_position=&#8221;middle&#8221; bg_color=&#8221;#f4f4f1&#8243; scene_position=&#8221;center&#8221; text_color=&#8221;dark&#8221; text_align=&#8221;center&#8221; top_padding=&#8221;85&#8243; bottom_padding=&#8221;85&#8243; overlay_strength=&#8221;0.3&#8243; shape_divider_position=&#8221;bottom&#8221;][vc_column enable_animation=&#8221;true&#8221; animation=&#8221;fade-in&#8221; column_padding=&#8221;no-extra-padding&#8221; column_padding_position=&#8221;all&#8221; background_color_opacity=&#8221;1&#8243; background_hover_color_opacity=&#8221;1&#8243; column_shadow=&#8221;none&#8221; column_border_radius=&#8221;none&#8221; width=&#8221;1\/1&#8243; tablet_text_alignment=&#8221;default&#8221; phone_text_alignment=&#8221;default&#8221; column_border_width=&#8221;none&#8221; column_border_style=&#8221;solid&#8221;][vc_column_text]\n<h3 style=\"text-align: center;\">O COMPROMISSO COM A M\u00daSICA BRASILEIRA, SOBRETUDO A M\u00daSICA BRASILEIRA DE CONCERTO, \u00c9 UMA DAS PRIORIDADES DA ORQUESTRA OURO PRETO.<\/h3>\n[\/vc_column_text][\/vc_column][\/vc_row]\n","protected":false},"excerpt":{"rendered":"<p>[vc_row type=&#8221;full_width_content&#8221; full_screen_row_position=&#8221;middle&#8221; vertically_center_columns=&#8221;true&#8221; scene_position=&#8221;center&#8221; text_color=&#8221;light&#8221; text_align=&#8221;left&#8221; top_padding=&#8221;0&#8243; bottom_padding=&#8221;0&#8243; class=&#8221;goldentes&#8221; overlay_strength=&#8221;0.3&#8243; shape_divider_position=&#8221;bottom&#8221;][vc_column column_padding=&#8221;padding-6-percent&#8221; column_padding_position=&#8221;all&#8221; background_color=&#8221;#222222&#8243; background_color_opacity=&#8221;1&#8243; background_hover_color_opacity=&#8221;1&#8243; font_color=&#8221;#c59d5f&#8221; column_shadow=&#8221;none&#8221; column_border_radius=&#8221;none&#8221; width=&#8221;1\/2&#8243; tablet_text_alignment=&#8221;default&#8221; phone_text_alignment=&#8221;default&#8221; column_border_width=&#8221;none&#8221; column_border_style=&#8221;solid&#8221;][vc_column_text] Democratizar o acesso \u00e0 m\u00fasica&#8230;<\/p>\n","protected":false},"author":1,"featured_media":0,"parent":0,"menu_order":21,"comment_status":"open","ping_status":"open","template":"","meta":{"footnotes":""},"class_list":["post-648","page","type-page","status-publish"],"_links":{"self":[{"href":"https:\/\/www.orquestraouropreto.com.br\/site\/wp-json\/wp\/v2\/pages\/648","targetHints":{"allow":["GET"]}}],"collection":[{"href":"https:\/\/www.orquestraouropreto.com.br\/site\/wp-json\/wp\/v2\/pages"}],"about":[{"href":"https:\/\/www.orquestraouropreto.com.br\/site\/wp-json\/wp\/v2\/types\/page"}],"author":[{"embeddable":true,"href":"https:\/\/www.orquestraouropreto.com.br\/site\/wp-json\/wp\/v2\/users\/1"}],"replies":[{"embeddable":true,"href":"https:\/\/www.orquestraouropreto.com.br\/site\/wp-json\/wp\/v2\/comments?post=648"}],"version-history":[{"count":40,"href":"https:\/\/www.orquestraouropreto.com.br\/site\/wp-json\/wp\/v2\/pages\/648\/revisions"}],"predecessor-version":[{"id":9501,"href":"https:\/\/www.orquestraouropreto.com.br\/site\/wp-json\/wp\/v2\/pages\/648\/revisions\/9501"}],"wp:attachment":[{"href":"https:\/\/www.orquestraouropreto.com.br\/site\/wp-json\/wp\/v2\/media?parent=648"}],"curies":[{"name":"wp","href":"https:\/\/api.w.org\/{rel}","templated":true}]}}